{"id":18,"date":"2024-03-28T10:44:48","date_gmt":"2024-03-28T09:44:48","guid":{"rendered":"https:\/\/florencegrecodufier.com\/?page_id=18"},"modified":"2024-04-11T13:20:29","modified_gmt":"2024-04-11T11:20:29","slug":"a-propos","status":"publish","type":"page","link":"https:\/\/florencegrecodufier.com\/?page_id=18","title":{"rendered":"A Propos"},"content":{"rendered":"\t\t<div data-elementor-type=\"wp-page\" data-elementor-id=\"18\" class=\"elementor elementor-18\">\n\t\t\t\t<div class=\"elementor-element elementor-element-17dfa5e e-flex e-con-boxed e-con e-parent\" data-id=\"17dfa5e\" data-element_type=\"container\">\n\t\t\t\t\t<div class=\"e-con-inner\">\n\t\t\t\t<div class=\"elementor-element elementor-element-5343713 elementor-widget-divider--view-line elementor-widget elementor-widget-divider\" data-id=\"5343713\" data-element_type=\"widget\" data-widget_type=\"divider.default\">\n\t\t\t\t<div class=\"elementor-widget-container\">\n\t\t\t\t\t\t\t<div class=\"elementor-divider\">\n\t\t\t<span class=\"elementor-divider-separator\">\n\t\t\t\t\t\t<\/span>\n\t\t<\/div>\n\t\t\t\t\t\t<\/div>\n\t\t\t\t<\/div>\n\t\t\t\t\t<\/div>\n\t\t\t\t<\/div>\n\t\t<div class=\"elementor-element elementor-element-1a7258a e-flex e-con-boxed e-con e-parent\" data-id=\"1a7258a\" data-element_type=\"container\">\n\t\t\t\t\t<div class=\"e-con-inner\">\n\t\t\t\t<div class=\"elementor-element elementor-element-cb3390a elementor-widget elementor-widget-heading\" data-id=\"cb3390a\" data-element_type=\"widget\" data-widget_type=\"heading.default\">\n\t\t\t\t<div class=\"elementor-widget-container\">\n\t\t\t\t\t<h2 class=\"elementor-heading-title elementor-size-default\">Florence GRECO n\u00e9e DUFIER<\/h2>\t\t\t\t<\/div>\n\t\t\t\t<\/div>\n\t\t\t\t<div class=\"elementor-element elementor-element-a165769 elementor-widget__width-inherit elementor-widget elementor-widget-text-editor\" data-id=\"a165769\" data-element_type=\"widget\" data-widget_type=\"text-editor.default\">\n\t\t\t\t<div class=\"elementor-widget-container\">\n\t\t\t\t\t\t\t\t\t<p>Artiste peintre et graveur professionnelle, Florence Greco-Dufier\u00a0r\u00e9side et travaille \u00e0 Porspoder. Dipl\u00f4m\u00e9e de l\u2019Ecole des Beaux-Arts de Paris en peinture et dessin, elle a obtenue son DNSEP en 2002, sous la formation de Jean-Michel Alberola. Elle a \u00e9galement partag\u00e9e son savoir en tant qu&rsquo;enseignante en dessin, peinture et gravure aux Ateliers Beaux-Arts de Paris de 2005 \u00e0 2023. Aujourd&rsquo;hui, elle est\u00a0membre de la maison des artistes, fondation Taylor et art contemporain en Bretagne et continue de transmettre son savoir et sa passion en assurant des cours \u00e0 Br\u00e9l\u00e8s, dans le Finist\u00e8re.\u00a0<\/p>\t\t\t\t\t\t\t\t<\/div>\n\t\t\t\t<\/div>\n\t\t\t\t<div class=\"elementor-element elementor-element-e73e561 elementor-widget-divider--view-line elementor-widget elementor-widget-divider\" data-id=\"e73e561\" data-element_type=\"widget\" data-widget_type=\"divider.default\">\n\t\t\t\t<div class=\"elementor-widget-container\">\n\t\t\t\t\t\t\t<div class=\"elementor-divider\">\n\t\t\t<span class=\"elementor-divider-separator\">\n\t\t\t\t\t\t<\/span>\n\t\t<\/div>\n\t\t\t\t\t\t<\/div>\n\t\t\t\t<\/div>\n\t\t\t\t\t<\/div>\n\t\t\t\t<\/div>\n\t\t<div class=\"elementor-element elementor-element-0db0f7c e-flex e-con-boxed e-con e-parent\" data-id=\"0db0f7c\" data-element_type=\"container\">\n\t\t\t\t\t<div class=\"e-con-inner\">\n\t\t\t\t<div class=\"elementor-element elementor-element-531b343 elementor-widget elementor-widget-heading\" data-id=\"531b343\" data-element_type=\"widget\" data-widget_type=\"heading.default\">\n\t\t\t\t<div class=\"elementor-widget-container\">\n\t\t\t\t\t<h2 class=\"elementor-heading-title elementor-size-default\">Formation<\/h2>\t\t\t\t<\/div>\n\t\t\t\t<\/div>\n\t\t\t\t<div class=\"elementor-element elementor-element-6eec6f6 elementor-widget__width-inherit elementor-widget elementor-widget-text-editor\" data-id=\"6eec6f6\" data-element_type=\"widget\" data-widget_type=\"text-editor.default\">\n\t\t\t\t<div class=\"elementor-widget-container\">\n\t\t\t\t\t\t\t\t\t<p>De 1997 \u00e0 2002, Florence Greco-Dufier a int\u00e9gr\u00e9 la 2\u00e8me ann\u00e9e des Beaux-Arts de Paris en se sp\u00e9cialisant en peinture sous la direction \u00e9clair\u00e9e de Jean-Michel Alberola. Elle a \u00e9galement explor\u00e9e le dessin et l&rsquo;analyse d&rsquo;\u0153uvres avec James Bloede, la photographie avec Jean Francou, la fresque avec Philippe Bennequin, ainsi que la mosa\u00efque et la morphologie avec Jean-Fran\u00e7ois Debord, l&rsquo;histoire de l&rsquo;art avec Bruno Foucart, la ph\u00e9nom\u00e9nologie de l&rsquo;art avec Alain Bonfand, et la psychanalyse de l&rsquo;art avec Christian Gaillard. Durant cette p\u00e9riode, Florence Greco-Dufier a enrichie son exp\u00e9rience par des stages en d\u00e9cor \u00e0 l&rsquo;Op\u00e9ra Bastille et \u00e0 la Com\u00e9die Fran\u00e7aise. Elle a par la suite suivie des cours au Conservatoire Erik Satie (Paris 7\u00e8me), se perfectionnant au piano et en solf\u00e8ge.<\/p>\t\t\t\t\t\t\t\t<\/div>\n\t\t\t\t<\/div>\n\t\t\t\t<div class=\"elementor-element elementor-element-109e93d elementor-widget-divider--view-line elementor-widget elementor-widget-divider\" data-id=\"109e93d\" data-element_type=\"widget\" data-widget_type=\"divider.default\">\n\t\t\t\t<div class=\"elementor-widget-container\">\n\t\t\t\t\t\t\t<div class=\"elementor-divider\">\n\t\t\t<span class=\"elementor-divider-separator\">\n\t\t\t\t\t\t<\/span>\n\t\t<\/div>\n\t\t\t\t\t\t<\/div>\n\t\t\t\t<\/div>\n\t\t\t\t\t<\/div>\n\t\t\t\t<\/div>\n\t\t<div class=\"elementor-element elementor-element-fe5e0fd e-flex e-con-boxed e-con e-parent\" data-id=\"fe5e0fd\" data-element_type=\"container\">\n\t\t\t\t\t<div class=\"e-con-inner\">\n\t\t\t\t<div class=\"elementor-element elementor-element-7d6bc06 elementor-widget elementor-widget-heading\" data-id=\"7d6bc06\" data-element_type=\"widget\" data-widget_type=\"heading.default\">\n\t\t\t\t<div class=\"elementor-widget-container\">\n\t\t\t\t\t<h2 class=\"elementor-heading-title elementor-size-default\">Prix et S\u00e9lections<\/h2>\t\t\t\t<\/div>\n\t\t\t\t<\/div>\n\t\t\t\t<div class=\"elementor-element elementor-element-32c84d2 elementor-widget__width-inherit elementor-widget elementor-widget-text-editor\" data-id=\"32c84d2\" data-element_type=\"widget\" data-widget_type=\"text-editor.default\">\n\t\t\t\t<div class=\"elementor-widget-container\">\n\t\t\t\t\t\t\t\t\t<p>1999 : Se\u0301lection Prix Andre\u0301 et Berthe Noufflard, Fondation de France<\/p><p>2000\/2001 : Se\u0301lection Prix de Dessin Pierre-David Weill, Institut de France\u00a0<\/p><p>2003 : Prix Jeune Cre\u0301ation au Salon d\u2019Art Contemporain de Montrouge<\/p><p>2005 : Se\u0301lection Prix Jules Raeymakers (Acade\u0301mie Royale des Beaux-Arts de Bruxelles) et Admissible Casa Velasquez<\/p><p>2007 : Se\u0301lection Prix de Sculpture Noilly-Prat, Grand-Palais<\/p><p>2014 : 3e\u0300me prix du Conseil Ge\u0301ne\u0301ral de L\u2019Eure, Paliss\u2019art La Source- Ge\u0301rard Garouste &#8211; Performance publique \u00ab La Fe\u0302te \u00bb<\/p>\t\t\t\t\t\t\t\t<\/div>\n\t\t\t\t<\/div>\n\t\t\t\t<div class=\"elementor-element elementor-element-d2f2c12 elementor-widget-divider--view-line elementor-widget elementor-widget-divider\" data-id=\"d2f2c12\" data-element_type=\"widget\" data-widget_type=\"divider.default\">\n\t\t\t\t<div class=\"elementor-widget-container\">\n\t\t\t\t\t\t\t<div class=\"elementor-divider\">\n\t\t\t<span class=\"elementor-divider-separator\">\n\t\t\t\t\t\t<\/span>\n\t\t<\/div>\n\t\t\t\t\t\t<\/div>\n\t\t\t\t<\/div>\n\t\t\t\t\t<\/div>\n\t\t\t\t<\/div>\n\t\t<div class=\"elementor-element elementor-element-2be6649 e-flex e-con-boxed e-con e-parent\" data-id=\"2be6649\" data-element_type=\"container\">\n\t\t\t\t\t<div class=\"e-con-inner\">\n\t\t\t\t<div class=\"elementor-element elementor-element-d86cafd elementor-widget elementor-widget-heading\" data-id=\"d86cafd\" data-element_type=\"widget\" data-widget_type=\"heading.default\">\n\t\t\t\t<div class=\"elementor-widget-container\">\n\t\t\t\t\t<h2 class=\"elementor-heading-title elementor-size-default\">Performances Picturales<\/h2>\t\t\t\t<\/div>\n\t\t\t\t<\/div>\n\t\t\t\t<div class=\"elementor-element elementor-element-1ba2ff8 elementor-widget__width-inherit elementor-widget elementor-widget-text-editor\" data-id=\"1ba2ff8\" data-element_type=\"widget\" data-widget_type=\"text-editor.default\">\n\t\t\t\t<div class=\"elementor-widget-container\">\n\t\t\t\t\t\t\t\t\t<div class=\"page\" title=\"Page 3\"><div class=\"layoutArea\"><div class=\"column\"><p>2013-2014: Performances avec le Laboratoire d\u2019Expe\u0301rimentation Sonore Instantane\u0301e (Pierre-Emmanuel Vecchierini guitare, Kei Yoshida trompette, &#8230;)<\/p><p>Juin 2014 : Performance peinture a\u0300 La Source, organise\u0301e par Ge\u0301rard Garouste, Prix du Conseil Ge\u0301ne\u0301ral de l\u2019Eure.\u00a0<\/p><p>Mai 2016 : \u00ab Quand les arts se rencontrent \u00bb<br \/>Conservatoire du 5e\u0300me ardt de Paris, Trio de Tchai\u0308kovski avec Evelina Borbei\u0308 au piano.\u00a0<\/p><p>D\u00e9cembre 2016 : Espace 100 rue de Charenton, Paris 12e\u0300, en accompagnement de Louise Vertigo et Didier Guedges.\u00a0<\/p><p>Ao\u00fbt 2021 : Cha\u0302teau Royal d\u2019Amboise : Variations sur l\u2019eau, peinture avec Adeline de Preissac \u00e0 la Harpe et Delphine Caron en danse contemporaine.\u00a0<\/p><p>Mars 2022 : Mairie de Porspoder (29), peinture avec Claire-Audrey Desnos \u00e0 la harpe celtique.\u00a0<\/p><p>Juin 2022 : Performance picturale et transpositions picturales de partitions (Alban Berg, Messiaen, Be\u0301riot) Conservatoire du 5e\u0300me ardt Paris, diplo\u0302me de Marie-Laure XU (piano).\u00a0<\/p><\/div><\/div><\/div>\t\t\t\t\t\t\t\t<\/div>\n\t\t\t\t<\/div>\n\t\t\t\t<div class=\"elementor-element elementor-element-11d956a elementor-widget-divider--view-line elementor-widget elementor-widget-divider\" data-id=\"11d956a\" data-element_type=\"widget\" data-widget_type=\"divider.default\">\n\t\t\t\t<div class=\"elementor-widget-container\">\n\t\t\t\t\t\t\t<div class=\"elementor-divider\">\n\t\t\t<span class=\"elementor-divider-separator\">\n\t\t\t\t\t\t<\/span>\n\t\t<\/div>\n\t\t\t\t\t\t<\/div>\n\t\t\t\t<\/div>\n\t\t\t\t\t<\/div>\n\t\t\t\t<\/div>\n\t\t<div class=\"elementor-element elementor-element-65922e0 e-flex e-con-boxed e-con e-parent\" data-id=\"65922e0\" data-element_type=\"container\">\n\t\t\t\t\t<div class=\"e-con-inner\">\n\t\t\t\t<div class=\"elementor-element elementor-element-f02fc32 elementor-widget elementor-widget-heading\" data-id=\"f02fc32\" data-element_type=\"widget\" data-widget_type=\"heading.default\">\n\t\t\t\t<div class=\"elementor-widget-container\">\n\t\t\t\t\t<h2 class=\"elementor-heading-title elementor-size-default\">Expositions<\/h2>\t\t\t\t<\/div>\n\t\t\t\t<\/div>\n\t\t\t\t<div class=\"elementor-element elementor-element-0d2011b elementor-widget__width-inherit elementor-widget elementor-widget-text-editor\" data-id=\"0d2011b\" data-element_type=\"widget\" data-widget_type=\"text-editor.default\">\n\t\t\t\t<div class=\"elementor-widget-container\">\n\t\t\t\t\t\t\t\t\t<p>Florence Greco-Dufier aime exposer, se confronter au regard des autres. Ainsi, elle a eu l&rsquo;occasion d&rsquo;exposer dans de multiples galeries parisiennes et bretonnes :<\/p><div class=\"page\" title=\"Page 2\"><div class=\"layoutArea\"><div class=\"column\"><ul><li>Galerie Solvay (rue de Seine, Paris 6e\u0300)<\/li><li>Galerie 1911 (rue Durantin, Paris 18e\u0300)<\/li><li>Galerie Couteron (rue Gue\u0301ne\u0301gaud, Paris 6e\u0300)<\/li><li>Galerie l\u2019Article (rue Volta, Paris 3e\u0300)<\/li><li>Galerie Henri Benezit (rue de Miromesnil, Paris 8e\u0300)<\/li><li>Galerie du Linkin (Co\u0302tes d\u2019Armor)<\/li><li>Galerie La Compagnie des Arts (Paris 3e\u0300)<\/li><\/ul><p>En parall\u00e8le, elle s&rsquo;est illustr\u00e9e, au cours des ann\u00e9es, dans de nombreuses expositions ou \u00e9v\u00e8nements :\u00a0<\/p><div class=\"page\" title=\"Page 2\"><div class=\"layoutArea\"><div class=\"column\"><ul><li>2000 : Acade\u0301mie Litte\u0301raire et Artistique de Haute-Loire, Le Puy en Velay &#8211; EXPOSITION COLLECTIVE<\/li><li>2002 : Quai Malaquais,: Jean-Michel Alberola \/ Sciences Po\u0302 \/ Caisse De\u0301po\u0302ts et Consignations, Paris) &#8211; EXPOSITION COLLECTIVE<\/li><li>2003 : Mairie de Bourg-la-Reine &#8211; EXPOSITION PARTICULI\u00c8RE<\/li><li>2004 : Anne\u0301e de la Chine (Bourg-la-Reine, 92) &#8211; EXPOSITION PARTICULI\u00c8RE<\/li><li>2004 : Mairie du 7e\u0300me ardt, Paris &#8211; EXPOSITION PARTICULI\u00c8RE<\/li><li>2006 : L\u2019art dans le Transport, Paris-Bercy &#8211; EXPOSITION COLLECTIVE<\/li><li>2007 : Cap sur les Arts &#8211; EXPOSITION COLLECTIVE<\/li><li>2007 : The\u0301a\u0302tre du Ranelagh &#8211; EXPOSITION COLLECTIVE<\/li><li>2008 : Rencontres Internationales d&rsquo;art contemporain Villa St CYR 92 &#8211; EXPOSITION PARTICULI\u00c8RE<\/li><li>2008 : Villa St-Cyr (92) &#8211; EXPOSITION COLLECTIVE<\/li><li>2009 : Mairie de Gue\u0301ret &#8211; EXPOSITION PARTICULI\u00c8RE<\/li><li>2009 : Maison de la Radio, Paris &#8211; EXPOSITION COLLECTIVE<\/li><li>2009 : Cirque Joseph Bouglione &#8211; EXPOSITION COLLECTIVE<\/li><li>2010 : ART\/X\/UOZU, Japon &#8211; EXPOSITION COLLECTIVE<\/li><li>2010 : Centre Culturel Christiane Peugeot, Paris &#8211;\u00a0EXPOSITION COLLECTIVE<\/li><li>2010 : Muse\u0301e Verlaine, Juniville\u00a0&#8211;\u00a0EXPOSITION COLLECTIVE<\/li><li>2011 : Tulle\u00a0&#8211;\u00a0EXPOSITION COLLECTIVE<\/li><li>2011, 2014, 2016 : Carpentras &#8211;\u00a0EXPOSITION COLLECTIVE<\/li><li>2012 :\u00a0Festival d\u2019histoire de l\u2019art Fontainebleau &#8211; EXPOSITION PARTICULI\u00c8RE<\/li><li>2013 : Art en balade Paris 12e\u0300me ardt &#8211;\u00a0EXPOSITION COLLECTIVE<\/li><li>2017, 2018, 2019 :\u00a0Espace Guillemites &#8211; EXPOSITION PARTICULI\u00c8RE<\/li><li>2017 :\u00a0La Nuit des Eglises, Art Sacre\u0301\u00a0&#8211; EXPOSITION COLLECTIVE<\/li><li>2018 : Paris Portes Ouvertes des ateliers d\u2019artistes, Montreuil &#8211; EXPOSITION COLLECTIVE<\/li><li>2022 : Mairie du 6e\u0300me ardt Paris &#8211; EXPOSITION COLLECTIVE<\/li><li>2022 : Journe\u0301es de l\u2019Estampe Contemporaine Saint Sulpice &#8211; EXPOSITION COLLECTIVE<\/li><li>2023 : Chapelle Sainte-Anne (Porspoder)\u00a0&#8211; EXPOSITION PARTICULI\u00c8RE<\/li><\/ul><\/div><p>Florence Greco-Dufier a \u00e9galement eu l&rsquo;opportunit\u00e9 d&rsquo;exposer dans des collections priv\u00e9es en France et \u00e0 l&rsquo;\u00e9tranger avec San Francisco, Londres, Shanghai, P\u00e9kin et Tokyo.\u00a0<\/p><\/div><\/div><\/div><\/div><\/div>\t\t\t\t\t\t\t\t<\/div>\n\t\t\t\t<\/div>\n\t\t\t\t<div class=\"elementor-element elementor-element-aeada8e elementor-widget-divider--view-line elementor-widget elementor-widget-divider\" data-id=\"aeada8e\" data-element_type=\"widget\" data-widget_type=\"divider.default\">\n\t\t\t\t<div class=\"elementor-widget-container\">\n\t\t\t\t\t\t\t<div class=\"elementor-divider\">\n\t\t\t<span class=\"elementor-divider-separator\">\n\t\t\t\t\t\t<\/span>\n\t\t<\/div>\n\t\t\t\t\t\t<\/div>\n\t\t\t\t<\/div>\n\t\t\t\t\t<\/div>\n\t\t\t\t<\/div>\n\t\t\t\t<\/div>\n\t\t","protected":false},"excerpt":{"rendered":"<p>Florence GRECO n\u00e9e DUFIER Artiste peintre et graveur professionnelle, Florence Greco-Dufier\u00a0r\u00e9side et travaille \u00e0 Porspoder. Dipl\u00f4m\u00e9e de l\u2019Ecole des Beaux-Arts de Paris en peinture et dessin, elle a obtenue son DNSEP en 2002, sous la formation de Jean-Michel Alberola. Elle a \u00e9galement partag\u00e9e son savoir en tant qu&rsquo;enseignante en dessin, peinture et gravure aux Ateliers [&hellip;]<\/p>\n","protected":false},"author":1,"featured_media":0,"parent":0,"menu_order":0,"comment_status":"closed","ping_status":"closed","template":"","meta":{"_monsterinsights_skip_tracking":false,"_monsterinsights_sitenote_active":false,"_monsterinsights_sitenote_note":"","_monsterinsights_sitenote_category":0,"footnotes":""},"aioseo_notices":[],"yoast_head":"<!-- This site is optimized with the Yoast SEO plugin v24.5 - https:\/\/yoast.com\/wordpress\/plugins\/seo\/ -->\n<title>A Propos florencegrecodufier.com Florence Greco Dufier Artiste Peintre \u00e0 Porspoder<\/title>\n<meta name=\"description\" content=\"Florence Gr\u00e9co, n\u00e9e Florence Dufier est une artiste peintre vivant \u00e0 Porspodere en Bretagne florencegrecodufier.com A Propos\" \/>\n<meta name=\"robots\" content=\"index, follow, max-snippet:-1, max-image-preview:large, max-video-preview:-1\" \/>\n<link rel=\"canonical\" href=\"https:\/\/florencegrecodufier.com\/?page_id=18\" \/>\n<meta property=\"og:locale\" content=\"fr_FR\" \/>\n<meta property=\"og:type\" content=\"article\" \/>\n<meta property=\"og:title\" content=\"A Propos florencegrecodufier.com Florence Greco Dufier Artiste Peintre \u00e0 Porspoder\" \/>\n<meta property=\"og:description\" content=\"Florence Gr\u00e9co, n\u00e9e Florence Dufier est une artiste peintre vivant \u00e0 Porspodere en Bretagne florencegrecodufier.com A Propos\" \/>\n<meta property=\"og:url\" content=\"https:\/\/florencegrecodufier.com\/?page_id=18\" \/>\n<meta property=\"og:site_name\" content=\"florencegrecodufier.com\" \/>\n<meta property=\"article:modified_time\" content=\"2024-04-11T11:20:29+00:00\" \/>\n<meta name=\"twitter:card\" content=\"summary_large_image\" \/>\n<meta name=\"twitter:label1\" content=\"Dur\u00e9e de lecture estim\u00e9e\" \/>\n\t<meta name=\"twitter:data1\" content=\"4 minutes\" \/>\n<script type=\"application\/ld+json\" class=\"yoast-schema-graph\">{\"@context\":\"https:\/\/schema.org\",\"@graph\":[{\"@type\":[\"WebPage\",\"AboutPage\"],\"@id\":\"https:\/\/florencegrecodufier.com\/?page_id=18\",\"url\":\"https:\/\/florencegrecodufier.com\/?page_id=18\",\"name\":\"A Propos florencegrecodufier.com Florence Greco Dufier Artiste Peintre \u00e0 Porspoder\",\"isPartOf\":{\"@id\":\"https:\/\/florencegrecodufier.com\/#website\"},\"datePublished\":\"2024-03-28T09:44:48+00:00\",\"dateModified\":\"2024-04-11T11:20:29+00:00\",\"description\":\"Florence Gr\u00e9co, n\u00e9e Florence Dufier est une artiste peintre vivant \u00e0 Porspodere en Bretagne florencegrecodufier.com A Propos\",\"breadcrumb\":{\"@id\":\"https:\/\/florencegrecodufier.com\/?page_id=18#breadcrumb\"},\"inLanguage\":\"fr-FR\",\"potentialAction\":[{\"@type\":\"ReadAction\",\"target\":[\"https:\/\/florencegrecodufier.com\/?page_id=18\"]}]},{\"@type\":\"BreadcrumbList\",\"@id\":\"https:\/\/florencegrecodufier.com\/?page_id=18#breadcrumb\",\"itemListElement\":[{\"@type\":\"ListItem\",\"position\":1,\"name\":\"Accueil\",\"item\":\"https:\/\/florencegrecodufier.com\/\"},{\"@type\":\"ListItem\",\"position\":2,\"name\":\"A Propos\"}]},{\"@type\":\"WebSite\",\"@id\":\"https:\/\/florencegrecodufier.com\/#website\",\"url\":\"https:\/\/florencegrecodufier.com\/\",\"name\":\"florencegrecodufier.com\",\"description\":\"\",\"potentialAction\":[{\"@type\":\"SearchAction\",\"target\":{\"@type\":\"EntryPoint\",\"urlTemplate\":\"https:\/\/florencegrecodufier.com\/?s={search_term_string}\"},\"query-input\":{\"@type\":\"PropertyValueSpecification\",\"valueRequired\":true,\"valueName\":\"search_term_string\"}}],\"inLanguage\":\"fr-FR\"},{\"@type\":\"Person\",\"@id\":\"https:\/\/florencegrecodufier.com\/#\/schema\/person\/68e2d41515a4094aaf1e4a15dd2b2bcc\",\"name\":\"florencegrecodufier.com\",\"image\":{\"@type\":\"ImageObject\",\"inLanguage\":\"fr-FR\",\"@id\":\"https:\/\/florencegrecodufier.com\/#\/schema\/person\/image\/\",\"url\":\"https:\/\/secure.gravatar.com\/avatar\/0b8206d608ccf82e0d48b9563b1fd010?s=96&d=mm&r=g\",\"contentUrl\":\"https:\/\/secure.gravatar.com\/avatar\/0b8206d608ccf82e0d48b9563b1fd010?s=96&d=mm&r=g\",\"caption\":\"florencegrecodufier.com\"},\"sameAs\":[\"http:\/\/florencegrecodufier.com\"],\"url\":\"https:\/\/florencegrecodufier.com\/?author=1\"}]}<\/script>\n<!-- \/ Yoast SEO plugin. -->","yoast_head_json":{"title":"A Propos florencegrecodufier.com Florence Greco Dufier Artiste Peintre \u00e0 Porspoder","description":"Florence Gr\u00e9co, n\u00e9e Florence Dufier est une artiste peintre vivant \u00e0 Porspodere en Bretagne florencegrecodufier.com A Propos","robots":{"index":"index","follow":"follow","max-snippet":"max-snippet:-1","max-image-preview":"max-image-preview:large","max-video-preview":"max-video-preview:-1"},"canonical":"https:\/\/florencegrecodufier.com\/?page_id=18","og_locale":"fr_FR","og_type":"article","og_title":"A Propos florencegrecodufier.com Florence Greco Dufier Artiste Peintre \u00e0 Porspoder","og_description":"Florence Gr\u00e9co, n\u00e9e Florence Dufier est une artiste peintre vivant \u00e0 Porspodere en Bretagne florencegrecodufier.com A Propos","og_url":"https:\/\/florencegrecodufier.com\/?page_id=18","og_site_name":"florencegrecodufier.com","article_modified_time":"2024-04-11T11:20:29+00:00","twitter_card":"summary_large_image","twitter_misc":{"Dur\u00e9e de lecture estim\u00e9e":"4 minutes"},"schema":{"@context":"https:\/\/schema.org","@graph":[{"@type":["WebPage","AboutPage"],"@id":"https:\/\/florencegrecodufier.com\/?page_id=18","url":"https:\/\/florencegrecodufier.com\/?page_id=18","name":"A Propos florencegrecodufier.com Florence Greco Dufier Artiste Peintre \u00e0 Porspoder","isPartOf":{"@id":"https:\/\/florencegrecodufier.com\/#website"},"datePublished":"2024-03-28T09:44:48+00:00","dateModified":"2024-04-11T11:20:29+00:00","description":"Florence Gr\u00e9co, n\u00e9e Florence Dufier est une artiste peintre vivant \u00e0 Porspodere en Bretagne florencegrecodufier.com A Propos","breadcrumb":{"@id":"https:\/\/florencegrecodufier.com\/?page_id=18#breadcrumb"},"inLanguage":"fr-FR","potentialAction":[{"@type":"ReadAction","target":["https:\/\/florencegrecodufier.com\/?page_id=18"]}]},{"@type":"BreadcrumbList","@id":"https:\/\/florencegrecodufier.com\/?page_id=18#breadcrumb","itemListElement":[{"@type":"ListItem","position":1,"name":"Accueil","item":"https:\/\/florencegrecodufier.com\/"},{"@type":"ListItem","position":2,"name":"A Propos"}]},{"@type":"WebSite","@id":"https:\/\/florencegrecodufier.com\/#website","url":"https:\/\/florencegrecodufier.com\/","name":"florencegrecodufier.com","description":"","potentialAction":[{"@type":"SearchAction","target":{"@type":"EntryPoint","urlTemplate":"https:\/\/florencegrecodufier.com\/?s={search_term_string}"},"query-input":{"@type":"PropertyValueSpecification","valueRequired":true,"valueName":"search_term_string"}}],"inLanguage":"fr-FR"},{"@type":"Person","@id":"https:\/\/florencegrecodufier.com\/#\/schema\/person\/68e2d41515a4094aaf1e4a15dd2b2bcc","name":"florencegrecodufier.com","image":{"@type":"ImageObject","inLanguage":"fr-FR","@id":"https:\/\/florencegrecodufier.com\/#\/schema\/person\/image\/","url":"https:\/\/secure.gravatar.com\/avatar\/0b8206d608ccf82e0d48b9563b1fd010?s=96&d=mm&r=g","contentUrl":"https:\/\/secure.gravatar.com\/avatar\/0b8206d608ccf82e0d48b9563b1fd010?s=96&d=mm&r=g","caption":"florencegrecodufier.com"},"sameAs":["http:\/\/florencegrecodufier.com"],"url":"https:\/\/florencegrecodufier.com\/?author=1"}]}},"_links":{"self":[{"href":"https:\/\/florencegrecodufier.com\/index.php?rest_route=\/wp\/v2\/pages\/18"}],"collection":[{"href":"https:\/\/florencegrecodufier.com\/index.php?rest_route=\/wp\/v2\/pages"}],"about":[{"href":"https:\/\/florencegrecodufier.com\/index.php?rest_route=\/wp\/v2\/types\/page"}],"author":[{"embeddable":true,"href":"https:\/\/florencegrecodufier.com\/index.php?rest_route=\/wp\/v2\/users\/1"}],"replies":[{"embeddable":true,"href":"https:\/\/florencegrecodufier.com\/index.php?rest_route=%2Fwp%2Fv2%2Fcomments&post=18"}],"version-history":[{"count":85,"href":"https:\/\/florencegrecodufier.com\/index.php?rest_route=\/wp\/v2\/pages\/18\/revisions"}],"predecessor-version":[{"id":251,"href":"https:\/\/florencegrecodufier.com\/index.php?rest_route=\/wp\/v2\/pages\/18\/revisions\/251"}],"wp:attachment":[{"href":"https:\/\/florencegrecodufier.com\/index.php?rest_route=%2Fwp%2Fv2%2Fmedia&parent=18"}],"curies":[{"name":"wp","href":"https:\/\/api.w.org\/{rel}","templated":true}]}}