{"id":22,"date":"2024-03-28T10:45:25","date_gmt":"2024-03-28T09:45:25","guid":{"rendered":"https:\/\/florencegrecodufier.com\/?page_id=22"},"modified":"2025-05-12T23:43:12","modified_gmt":"2025-05-12T21:43:12","slug":"contact-florence-greco-dufier-artiste-peintre-a-porspoder","status":"publish","type":"page","link":"https:\/\/florencegrecodufier.com\/?page_id=22","title":{"rendered":"Contact"},"content":{"rendered":"\t\t<div data-elementor-type=\"wp-page\" data-elementor-id=\"22\" class=\"elementor elementor-22\">\n\t\t\t\t<div class=\"elementor-element elementor-element-20dd870 e-flex e-con-boxed e-con e-parent\" data-id=\"20dd870\" data-element_type=\"container\">\n\t\t\t\t\t<div class=\"e-con-inner\">\n\t\t\t\t<div class=\"elementor-element elementor-element-970243f elementor-widget elementor-widget-heading\" data-id=\"970243f\" data-element_type=\"widget\" data-widget_type=\"heading.default\">\n\t\t\t\t<div class=\"elementor-widget-container\">\n\t\t\t\t\t<h2 class=\"elementor-heading-title elementor-size-default\">Un projet, une question, un commentaire ? N'h\u00e9sitez pas \u00e0 me contacter. <\/h2>\t\t\t\t<\/div>\n\t\t\t\t<\/div>\n\t\t\t\t<div class=\"elementor-element elementor-element-aea91c0 elementor-widget elementor-widget-shortcode\" data-id=\"aea91c0\" data-element_type=\"widget\" data-widget_type=\"shortcode.default\">\n\t\t\t\t<div class=\"elementor-widget-container\">\n\t\t\t\t\t\t\t<div class=\"elementor-shortcode\"><style id=\"wpforms-css-vars-89\">\n\t\t\t\t#wpforms-89 {\n\t\t\t\t\n\t\t\t}\n\t\t\t<\/style><div class=\"wpforms-container wpforms-container-full wpforms-render-modern\" id=\"wpforms-89\"><form id=\"wpforms-form-89\" class=\"wpforms-validate wpforms-form wpforms-ajax-form\" data-formid=\"89\" method=\"post\" enctype=\"multipart\/form-data\" action=\"\/index.php?rest_route=%2Fwp%2Fv2%2Fpages%2F22\" data-token=\"c2d1270ea9e653a8fd9cdc6dc8ec979b\" data-token-time=\"1775525084\"><noscript class=\"wpforms-error-noscript\">Veuillez activer JavaScript dans votre navigateur pour remplir ce formulaire.<\/noscript><div id=\"wpforms-error-noscript\" style=\"display: none;\">Veuillez activer JavaScript dans votre navigateur pour remplir ce formulaire.<\/div><div class=\"wpforms-field-container\"><div id=\"wpforms-89-field_0-container\" class=\"wpforms-field wpforms-field-name\" data-field-id=\"0\"><fieldset><legend class=\"wpforms-field-label\">Pr\u00e9nom \/ Nom <span class=\"wpforms-required-label\" aria-hidden=\"true\">*<\/span><\/legend><div class=\"wpforms-field-row wpforms-field-medium\"><div class=\"wpforms-field-row-block wpforms-first wpforms-one-half\"><input type=\"text\" id=\"wpforms-89-field_0\" class=\"wpforms-field-name-first wpforms-field-required\" name=\"wpforms[fields][0][first]\" aria-errormessage=\"wpforms-89-field_0-error\" required><label for=\"wpforms-89-field_0\" class=\"wpforms-field-sublabel after\">Pr\u00e9nom<\/label><\/div><div class=\"wpforms-field-row-block wpforms-one-half\"><input type=\"text\" id=\"wpforms-89-field_0-last\" class=\"wpforms-field-name-last wpforms-field-required\" name=\"wpforms[fields][0][last]\" aria-errormessage=\"wpforms-89-field_0-last-error\" required><label for=\"wpforms-89-field_0-last\" class=\"wpforms-field-sublabel after\">Nom<\/label><\/div><\/div><\/fieldset><\/div><div id=\"wpforms-89-field_1-container\" class=\"wpforms-field wpforms-field-email\" data-field-id=\"1\"><label class=\"wpforms-field-label\" for=\"wpforms-89-field_1\">E-mail <span class=\"wpforms-required-label\" aria-hidden=\"true\">*<\/span><\/label><input type=\"email\" id=\"wpforms-89-field_1\" class=\"wpforms-field-medium wpforms-field-required\" name=\"wpforms[fields][1]\" spellcheck=\"false\" aria-errormessage=\"wpforms-89-field_1-error\" required><\/div><div id=\"wpforms-89-field_2-container\" class=\"wpforms-field wpforms-field-textarea\" data-field-id=\"2\"><label class=\"wpforms-field-label\" for=\"wpforms-89-field_2\">Message<\/label><textarea id=\"wpforms-89-field_2\" class=\"wpforms-field-medium\" name=\"wpforms[fields][2]\" aria-errormessage=\"wpforms-89-field_2-error\" ><\/textarea><\/div><\/div><!-- .wpforms-field-container --><div class=\"wpforms-submit-container\" ><input type=\"hidden\" name=\"wpforms[id]\" value=\"89\"><input type=\"hidden\" name=\"page_title\" value=\"\"><input type=\"hidden\" name=\"page_url\" value=\"https:\/\/florencegrecodufier.com\/index.php?rest_route=\/wp\/v2\/pages\/22\"><input type=\"hidden\" name=\"url_referer\" value=\"\"><button type=\"submit\" name=\"wpforms[submit]\" id=\"wpforms-submit-89\" class=\"wpforms-submit\" data-alt-text=\"Envoi...\" data-submit-text=\"Envoyer\" aria-live=\"assertive\" value=\"wpforms-submit\">Envoyer<\/button><img decoding=\"async\" src=\"https:\/\/florencegrecodufier.com\/wp-content\/plugins\/wpforms-lite\/assets\/images\/submit-spin.svg\" class=\"wpforms-submit-spinner\" style=\"display: none;\" width=\"26\" height=\"26\" alt=\"Chargement en cours\"><\/div><\/form><\/div>  <!-- .wpforms-container --><\/div>\n\t\t\t\t\t\t<\/div>\n\t\t\t\t<\/div>\n\t\t\t\t\t<\/div>\n\t\t\t\t<\/div>\n\t\t<div class=\"elementor-element elementor-element-e17f1d4 e-flex e-con-boxed e-con e-parent\" data-id=\"e17f1d4\" data-element_type=\"container\">\n\t\t\t\t\t<div class=\"e-con-inner\">\n\t\t\t\t<div class=\"elementor-element elementor-element-d1725c5 elementor-view-default elementor-widget elementor-widget-icon\" data-id=\"d1725c5\" data-element_type=\"widget\" data-widget_type=\"icon.default\">\n\t\t\t\t<div class=\"elementor-widget-container\">\n\t\t\t\t\t\t\t<div class=\"elementor-icon-wrapper\">\n\t\t\t<a class=\"elementor-icon\" href=\"https:\/\/www.facebook.com\/p\/Peintures-Florence-Greco-Dufier-100063582847966\/\">\n\t\t\t<svg aria-hidden=\"true\" class=\"e-font-icon-svg e-fab-facebook\" viewBox=\"0 0 512 512\" xmlns=\"http:\/\/www.w3.org\/2000\/svg\"><path d=\"M504 256C504 119 393 8 256 8S8 119 8 256c0 123.78 90.69 226.38 209.25 245V327.69h-63V256h63v-54.64c0-62.15 37-96.48 93.67-96.48 27.14 0 55.52 4.84 55.52 4.84v61h-31.28c-30.8 0-40.41 19.12-40.41 38.73V256h68.78l-11 71.69h-57.78V501C413.31 482.38 504 379.78 504 256z\"><\/path><\/svg>\t\t\t<\/a>\n\t\t<\/div>\n\t\t\t\t\t\t<\/div>\n\t\t\t\t<\/div>\n\t\t\t\t\t<\/div>\n\t\t\t\t<\/div>\n\t\t\t\t<\/div>\n\t\t","protected":false},"excerpt":{"rendered":"<p>Un projet, une question, un commentaire ? N&rsquo;h\u00e9sitez pas \u00e0 me contacter.<\/p>\n","protected":false},"author":1,"featured_media":0,"parent":0,"menu_order":0,"comment_status":"closed","ping_status":"closed","template":"","meta":{"_monsterinsights_skip_tracking":false,"_monsterinsights_sitenote_active":false,"_monsterinsights_sitenote_note":"","_monsterinsights_sitenote_category":0,"footnotes":""},"aioseo_notices":[],"yoast_head":"<!-- This site is optimized with the Yoast SEO plugin v24.5 - https:\/\/yoast.com\/wordpress\/plugins\/seo\/ -->\n<title>Florence Greco Dufier Artiste Peintre \u00e0 Porspoder - Contact - florencegrecodufier.com Contact<\/title>\n<meta name=\"description\" content=\"Rentrez en Contact avec Florence Greco Dufier, une artiste peinte passionn\u00e9e bas\u00e9e \u00e0 Porspoder en Bretagne. Florence Greco Dufier Contact\" \/>\n<meta name=\"robots\" content=\"index, follow, max-snippet:-1, max-image-preview:large, max-video-preview:-1\" \/>\n<link rel=\"canonical\" href=\"https:\/\/florencegrecodufier.com\/?page_id=22\" \/>\n<meta property=\"og:locale\" content=\"fr_FR\" \/>\n<meta property=\"og:type\" content=\"article\" \/>\n<meta property=\"og:title\" content=\"Florence Greco Dufier Artiste Peintre \u00e0 Porspoder - Contact - florencegrecodufier.com Contact\" \/>\n<meta property=\"og:description\" content=\"Rentrez en Contact avec Florence Greco Dufier, une artiste peinte passionn\u00e9e bas\u00e9e \u00e0 Porspoder en Bretagne. Florence Greco Dufier Contact\" \/>\n<meta property=\"og:url\" content=\"https:\/\/florencegrecodufier.com\/?page_id=22\" \/>\n<meta property=\"og:site_name\" content=\"florencegrecodufier.com\" \/>\n<meta property=\"article:modified_time\" content=\"2025-05-12T21:43:12+00:00\" \/>\n<meta name=\"twitter:card\" content=\"summary_large_image\" \/>\n<script type=\"application\/ld+json\" class=\"yoast-schema-graph\">{\"@context\":\"https:\/\/schema.org\",\"@graph\":[{\"@type\":\"WebPage\",\"@id\":\"https:\/\/florencegrecodufier.com\/?page_id=22\",\"url\":\"https:\/\/florencegrecodufier.com\/?page_id=22\",\"name\":\"Florence Greco Dufier Artiste Peintre \u00e0 Porspoder - Contact - florencegrecodufier.com Contact\",\"isPartOf\":{\"@id\":\"https:\/\/florencegrecodufier.com\/#website\"},\"datePublished\":\"2024-03-28T09:45:25+00:00\",\"dateModified\":\"2025-05-12T21:43:12+00:00\",\"description\":\"Rentrez en Contact avec Florence Greco Dufier, une artiste peinte passionn\u00e9e bas\u00e9e \u00e0 Porspoder en Bretagne. Florence Greco Dufier Contact\",\"breadcrumb\":{\"@id\":\"https:\/\/florencegrecodufier.com\/?page_id=22#breadcrumb\"},\"inLanguage\":\"fr-FR\",\"potentialAction\":[{\"@type\":\"ReadAction\",\"target\":[\"https:\/\/florencegrecodufier.com\/?page_id=22\"]}]},{\"@type\":\"BreadcrumbList\",\"@id\":\"https:\/\/florencegrecodufier.com\/?page_id=22#breadcrumb\",\"itemListElement\":[{\"@type\":\"ListItem\",\"position\":1,\"name\":\"Accueil\",\"item\":\"https:\/\/florencegrecodufier.com\/\"},{\"@type\":\"ListItem\",\"position\":2,\"name\":\"Contact\"}]},{\"@type\":\"WebSite\",\"@id\":\"https:\/\/florencegrecodufier.com\/#website\",\"url\":\"https:\/\/florencegrecodufier.com\/\",\"name\":\"florencegrecodufier.com\",\"description\":\"\",\"potentialAction\":[{\"@type\":\"SearchAction\",\"target\":{\"@type\":\"EntryPoint\",\"urlTemplate\":\"https:\/\/florencegrecodufier.com\/?s={search_term_string}\"},\"query-input\":{\"@type\":\"PropertyValueSpecification\",\"valueRequired\":true,\"valueName\":\"search_term_string\"}}],\"inLanguage\":\"fr-FR\"}]}<\/script>\n<!-- \/ Yoast SEO plugin. -->","yoast_head_json":{"title":"Florence Greco Dufier Artiste Peintre \u00e0 Porspoder - Contact - florencegrecodufier.com Contact","description":"Rentrez en Contact avec Florence Greco Dufier, une artiste peinte passionn\u00e9e bas\u00e9e \u00e0 Porspoder en Bretagne. Florence Greco Dufier Contact","robots":{"index":"index","follow":"follow","max-snippet":"max-snippet:-1","max-image-preview":"max-image-preview:large","max-video-preview":"max-video-preview:-1"},"canonical":"https:\/\/florencegrecodufier.com\/?page_id=22","og_locale":"fr_FR","og_type":"article","og_title":"Florence Greco Dufier Artiste Peintre \u00e0 Porspoder - Contact - florencegrecodufier.com Contact","og_description":"Rentrez en Contact avec Florence Greco Dufier, une artiste peinte passionn\u00e9e bas\u00e9e \u00e0 Porspoder en Bretagne. Florence Greco Dufier Contact","og_url":"https:\/\/florencegrecodufier.com\/?page_id=22","og_site_name":"florencegrecodufier.com","article_modified_time":"2025-05-12T21:43:12+00:00","twitter_card":"summary_large_image","schema":{"@context":"https:\/\/schema.org","@graph":[{"@type":"WebPage","@id":"https:\/\/florencegrecodufier.com\/?page_id=22","url":"https:\/\/florencegrecodufier.com\/?page_id=22","name":"Florence Greco Dufier Artiste Peintre \u00e0 Porspoder - Contact - florencegrecodufier.com Contact","isPartOf":{"@id":"https:\/\/florencegrecodufier.com\/#website"},"datePublished":"2024-03-28T09:45:25+00:00","dateModified":"2025-05-12T21:43:12+00:00","description":"Rentrez en Contact avec Florence Greco Dufier, une artiste peinte passionn\u00e9e bas\u00e9e \u00e0 Porspoder en Bretagne. Florence Greco Dufier Contact","breadcrumb":{"@id":"https:\/\/florencegrecodufier.com\/?page_id=22#breadcrumb"},"inLanguage":"fr-FR","potentialAction":[{"@type":"ReadAction","target":["https:\/\/florencegrecodufier.com\/?page_id=22"]}]},{"@type":"BreadcrumbList","@id":"https:\/\/florencegrecodufier.com\/?page_id=22#breadcrumb","itemListElement":[{"@type":"ListItem","position":1,"name":"Accueil","item":"https:\/\/florencegrecodufier.com\/"},{"@type":"ListItem","position":2,"name":"Contact"}]},{"@type":"WebSite","@id":"https:\/\/florencegrecodufier.com\/#website","url":"https:\/\/florencegrecodufier.com\/","name":"florencegrecodufier.com","description":"","potentialAction":[{"@type":"SearchAction","target":{"@type":"EntryPoint","urlTemplate":"https:\/\/florencegrecodufier.com\/?s={search_term_string}"},"query-input":{"@type":"PropertyValueSpecification","valueRequired":true,"valueName":"search_term_string"}}],"inLanguage":"fr-FR"}]}},"_links":{"self":[{"href":"https:\/\/florencegrecodufier.com\/index.php?rest_route=\/wp\/v2\/pages\/22"}],"collection":[{"href":"https:\/\/florencegrecodufier.com\/index.php?rest_route=\/wp\/v2\/pages"}],"about":[{"href":"https:\/\/florencegrecodufier.com\/index.php?rest_route=\/wp\/v2\/types\/page"}],"author":[{"embeddable":true,"href":"https:\/\/florencegrecodufier.com\/index.php?rest_route=\/wp\/v2\/users\/1"}],"replies":[{"embeddable":true,"href":"https:\/\/florencegrecodufier.com\/index.php?rest_route=%2Fwp%2Fv2%2Fcomments&post=22"}],"version-history":[{"count":22,"href":"https:\/\/florencegrecodufier.com\/index.php?rest_route=\/wp\/v2\/pages\/22\/revisions"}],"predecessor-version":[{"id":280,"href":"https:\/\/florencegrecodufier.com\/index.php?rest_route=\/wp\/v2\/pages\/22\/revisions\/280"}],"wp:attachment":[{"href":"https:\/\/florencegrecodufier.com\/index.php?rest_route=%2Fwp%2Fv2%2Fmedia&parent=22"}],"curies":[{"name":"wp","href":"https:\/\/api.w.org\/{rel}","templated":true}]}}