{"id":24,"date":"2024-03-28T10:45:39","date_gmt":"2024-03-28T09:45:39","guid":{"rendered":"https:\/\/florencegrecodufier.com\/?page_id=24"},"modified":"2024-04-10T22:29:56","modified_gmt":"2024-04-10T20:29:56","slug":"mentions-legales","status":"publish","type":"page","link":"https:\/\/florencegrecodufier.com\/?page_id=24","title":{"rendered":"Mentions L\u00e9gales"},"content":{"rendered":"\t\t<div data-elementor-type=\"wp-page\" data-elementor-id=\"24\" class=\"elementor elementor-24\">\n\t\t\t\t<div class=\"elementor-element elementor-element-8ac19c4 e-flex e-con-boxed e-con e-parent\" data-id=\"8ac19c4\" data-element_type=\"container\">\n\t\t\t\t\t<div class=\"e-con-inner\">\n\t\t\t\t<div class=\"elementor-element elementor-element-181d494 elementor-widget elementor-widget-text-editor\" data-id=\"181d494\" data-element_type=\"widget\" data-widget_type=\"text-editor.default\">\n\t\t\t\t<div class=\"elementor-widget-container\">\n\t\t\t\t\t\t\t\t\t<p><b>Droit de propri\u00e9t\u00e9 :<\/b><\/p><p>Le site internet Florencegrecodufier.com est la propri\u00e9t\u00e9 de :\u00a0<\/p><p>Florence Greco\u00a0<br \/>29840 Porspoder, France<\/p><p>Le site et les diff\u00e9rents \u00e9l\u00e9ments le composant sont prot\u00e9g\u00e9s par le droit de la propri\u00e9t\u00e9 intellectuelle et industrielle. Par cons\u00e9quent, toute repr\u00e9sentation, toute reproduction et toute exploitation, de tout ou d&rsquo;une partie du site (structure, photographies, informations, logos, graphismes y figurant), sans l&rsquo;autorisation pr\u00e9alable et \u00e9crite de Florence Greco-Dufier est strictement interdite. Les informations contenues sur le site sont exclusivement r\u00e9serv\u00e9es \u00e0 un usage priv\u00e9. La reproduction de tout document publi\u00e9 sur le site et l&rsquo;utilisation de copies r\u00e9alis\u00e9es n&rsquo;est autoris\u00e9e qu&rsquo;\u00e0 des fins informatives pour un usage personnel et priv\u00e9.<\/p><p><b>Protection des donn\u00e9es personnelles :<\/b><\/p><p>Florence Greco est\u00a0responsable du traitement de la base de donn\u00e9es de FlorenceGrecoDufier.com et s&rsquo;engage \u00e0 pr\u00e9server la confidentialit\u00e9 des informations fournies en ligne par l&rsquo;utilisateur.<\/p><p><b>Liens hypertextes :<\/b><\/p><p>Les liens hypertextes pr\u00e9sents sur le site peuvent orienter l&rsquo;utilisateur vers des sites ext\u00e9rieurs dont le contenu ne peut en aucune mani\u00e8re engager la responsabilit\u00e9 de Florence Greco.\u00a0<\/p><p><b>H\u00e9bergement et\u00a0d\u00e9veloppement du site internet :<\/b><\/p><p>Le site internet Florencedufiergreco.com a \u00e9t\u00e9 d\u00e9velopp\u00e9 en lien avec WordPress\u00a0 et est h\u00e9berg\u00e9 par Hostinger.<\/p>\t\t\t\t\t\t\t\t<\/div>\n\t\t\t\t<\/div>\n\t\t\t\t\t<\/div>\n\t\t\t\t<\/div>\n\t\t\t\t<\/div>\n\t\t","protected":false},"excerpt":{"rendered":"<p>Droit de propri\u00e9t\u00e9 : Le site internet Florencegrecodufier.com est la propri\u00e9t\u00e9 de :\u00a0 Florence Greco\u00a029840 Porspoder, France Le site et les diff\u00e9rents \u00e9l\u00e9ments le composant sont prot\u00e9g\u00e9s par le droit de la propri\u00e9t\u00e9 intellectuelle et industrielle. Par cons\u00e9quent, toute repr\u00e9sentation, toute reproduction et toute exploitation, de tout ou d&rsquo;une partie du site (structure, photographies, informations, [&hellip;]<\/p>\n","protected":false},"author":1,"featured_media":0,"parent":0,"menu_order":0,"comment_status":"closed","ping_status":"closed","template":"","meta":{"_monsterinsights_skip_tracking":false,"_monsterinsights_sitenote_active":false,"_monsterinsights_sitenote_note":"","_monsterinsights_sitenote_category":0,"footnotes":""},"aioseo_notices":[],"yoast_head":"<!-- This site is optimized with the Yoast SEO plugin v24.5 - https:\/\/yoast.com\/wordpress\/plugins\/seo\/ -->\n<title>Mentions L\u00e9gales - florencegrecodufier.com<\/title>\n<meta name=\"robots\" content=\"index, follow, max-snippet:-1, max-image-preview:large, max-video-preview:-1\" \/>\n<link rel=\"canonical\" href=\"https:\/\/florencegrecodufier.com\/?page_id=24\" \/>\n<meta property=\"og:locale\" content=\"fr_FR\" \/>\n<meta property=\"og:type\" content=\"article\" \/>\n<meta property=\"og:title\" content=\"Mentions L\u00e9gales - florencegrecodufier.com\" \/>\n<meta property=\"og:description\" content=\"Droit de propri\u00e9t\u00e9 : Le site internet Florencegrecodufier.com est la propri\u00e9t\u00e9 de :\u00a0 Florence Greco\u00a029840 Porspoder, France Le site et les diff\u00e9rents \u00e9l\u00e9ments le composant sont prot\u00e9g\u00e9s par le droit de la propri\u00e9t\u00e9 intellectuelle et industrielle. Par cons\u00e9quent, toute repr\u00e9sentation, toute reproduction et toute exploitation, de tout ou d&rsquo;une partie du site (structure, photographies, informations, [&hellip;]\" \/>\n<meta property=\"og:url\" content=\"https:\/\/florencegrecodufier.com\/?page_id=24\" \/>\n<meta property=\"og:site_name\" content=\"florencegrecodufier.com\" \/>\n<meta property=\"article:modified_time\" content=\"2024-04-10T20:29:56+00:00\" \/>\n<meta name=\"twitter:card\" content=\"summary_large_image\" \/>\n<meta name=\"twitter:label1\" content=\"Dur\u00e9e de lecture estim\u00e9e\" \/>\n\t<meta name=\"twitter:data1\" content=\"1 minute\" \/>\n<script type=\"application\/ld+json\" class=\"yoast-schema-graph\">{\"@context\":\"https:\/\/schema.org\",\"@graph\":[{\"@type\":\"WebPage\",\"@id\":\"https:\/\/florencegrecodufier.com\/?page_id=24\",\"url\":\"https:\/\/florencegrecodufier.com\/?page_id=24\",\"name\":\"Mentions L\u00e9gales - florencegrecodufier.com\",\"isPartOf\":{\"@id\":\"https:\/\/florencegrecodufier.com\/#website\"},\"datePublished\":\"2024-03-28T09:45:39+00:00\",\"dateModified\":\"2024-04-10T20:29:56+00:00\",\"breadcrumb\":{\"@id\":\"https:\/\/florencegrecodufier.com\/?page_id=24#breadcrumb\"},\"inLanguage\":\"fr-FR\",\"potentialAction\":[{\"@type\":\"ReadAction\",\"target\":[\"https:\/\/florencegrecodufier.com\/?page_id=24\"]}]},{\"@type\":\"BreadcrumbList\",\"@id\":\"https:\/\/florencegrecodufier.com\/?page_id=24#breadcrumb\",\"itemListElement\":[{\"@type\":\"ListItem\",\"position\":1,\"name\":\"Accueil\",\"item\":\"https:\/\/florencegrecodufier.com\/\"},{\"@type\":\"ListItem\",\"position\":2,\"name\":\"Mentions L\u00e9gales\"}]},{\"@type\":\"WebSite\",\"@id\":\"https:\/\/florencegrecodufier.com\/#website\",\"url\":\"https:\/\/florencegrecodufier.com\/\",\"name\":\"florencegrecodufier.com\",\"description\":\"\",\"potentialAction\":[{\"@type\":\"SearchAction\",\"target\":{\"@type\":\"EntryPoint\",\"urlTemplate\":\"https:\/\/florencegrecodufier.com\/?s={search_term_string}\"},\"query-input\":{\"@type\":\"PropertyValueSpecification\",\"valueRequired\":true,\"valueName\":\"search_term_string\"}}],\"inLanguage\":\"fr-FR\"}]}<\/script>\n<!-- \/ Yoast SEO plugin. -->","yoast_head_json":{"title":"Mentions L\u00e9gales - florencegrecodufier.com","robots":{"index":"index","follow":"follow","max-snippet":"max-snippet:-1","max-image-preview":"max-image-preview:large","max-video-preview":"max-video-preview:-1"},"canonical":"https:\/\/florencegrecodufier.com\/?page_id=24","og_locale":"fr_FR","og_type":"article","og_title":"Mentions L\u00e9gales - florencegrecodufier.com","og_description":"Droit de propri\u00e9t\u00e9 : Le site internet Florencegrecodufier.com est la propri\u00e9t\u00e9 de :\u00a0 Florence Greco\u00a029840 Porspoder, France Le site et les diff\u00e9rents \u00e9l\u00e9ments le composant sont prot\u00e9g\u00e9s par le droit de la propri\u00e9t\u00e9 intellectuelle et industrielle. Par cons\u00e9quent, toute repr\u00e9sentation, toute reproduction et toute exploitation, de tout ou d&rsquo;une partie du site (structure, photographies, informations, [&hellip;]","og_url":"https:\/\/florencegrecodufier.com\/?page_id=24","og_site_name":"florencegrecodufier.com","article_modified_time":"2024-04-10T20:29:56+00:00","twitter_card":"summary_large_image","twitter_misc":{"Dur\u00e9e de lecture estim\u00e9e":"1 minute"},"schema":{"@context":"https:\/\/schema.org","@graph":[{"@type":"WebPage","@id":"https:\/\/florencegrecodufier.com\/?page_id=24","url":"https:\/\/florencegrecodufier.com\/?page_id=24","name":"Mentions L\u00e9gales - florencegrecodufier.com","isPartOf":{"@id":"https:\/\/florencegrecodufier.com\/#website"},"datePublished":"2024-03-28T09:45:39+00:00","dateModified":"2024-04-10T20:29:56+00:00","breadcrumb":{"@id":"https:\/\/florencegrecodufier.com\/?page_id=24#breadcrumb"},"inLanguage":"fr-FR","potentialAction":[{"@type":"ReadAction","target":["https:\/\/florencegrecodufier.com\/?page_id=24"]}]},{"@type":"BreadcrumbList","@id":"https:\/\/florencegrecodufier.com\/?page_id=24#breadcrumb","itemListElement":[{"@type":"ListItem","position":1,"name":"Accueil","item":"https:\/\/florencegrecodufier.com\/"},{"@type":"ListItem","position":2,"name":"Mentions L\u00e9gales"}]},{"@type":"WebSite","@id":"https:\/\/florencegrecodufier.com\/#website","url":"https:\/\/florencegrecodufier.com\/","name":"florencegrecodufier.com","description":"","potentialAction":[{"@type":"SearchAction","target":{"@type":"EntryPoint","urlTemplate":"https:\/\/florencegrecodufier.com\/?s={search_term_string}"},"query-input":{"@type":"PropertyValueSpecification","valueRequired":true,"valueName":"search_term_string"}}],"inLanguage":"fr-FR"}]}},"_links":{"self":[{"href":"https:\/\/florencegrecodufier.com\/index.php?rest_route=\/wp\/v2\/pages\/24"}],"collection":[{"href":"https:\/\/florencegrecodufier.com\/index.php?rest_route=\/wp\/v2\/pages"}],"about":[{"href":"https:\/\/florencegrecodufier.com\/index.php?rest_route=\/wp\/v2\/types\/page"}],"author":[{"embeddable":true,"href":"https:\/\/florencegrecodufier.com\/index.php?rest_route=\/wp\/v2\/users\/1"}],"replies":[{"embeddable":true,"href":"https:\/\/florencegrecodufier.com\/index.php?rest_route=%2Fwp%2Fv2%2Fcomments&post=24"}],"version-history":[{"count":7,"href":"https:\/\/florencegrecodufier.com\/index.php?rest_route=\/wp\/v2\/pages\/24\/revisions"}],"predecessor-version":[{"id":128,"href":"https:\/\/florencegrecodufier.com\/index.php?rest_route=\/wp\/v2\/pages\/24\/revisions\/128"}],"wp:attachment":[{"href":"https:\/\/florencegrecodufier.com\/index.php?rest_route=%2Fwp%2Fv2%2Fmedia&parent=24"}],"curies":[{"name":"wp","href":"https:\/\/api.w.org\/{rel}","templated":true}]}}